{"id":74,"date":"2021-06-25T15:33:47","date_gmt":"2021-06-25T12:33:47","guid":{"rendered":"https:\/\/iscihaklarim.com\/?page_id=74"},"modified":"2021-06-25T16:15:06","modified_gmt":"2021-06-25T13:15:06","slug":"anasayfa","status":"publish","type":"page","link":"https:\/\/iscihaklarim.com\/","title":{"rendered":"Anasayfa"},"content":{"rendered":"<h4 style=\"text-align: justify;\">\u0130\u015e HUKUKU, \u0130\u015e\u00c7\u0130 ALACAKLARI ve \u0130\u015e\u00c7\u0130 TAZM\u0130NATLARI<\/h4>\n<p style=\"text-align: justify;\">G\u00fcn\u00fcm\u00fczde i\u015f hukuku, s\u00f6zle\u015fmenin taraflar\u0131n\u0131 fesih bildiriminden faydalanmada e\u015fit g\u00f6ren d\u00fc\u015f\u00fcnceyi terk etmeye ba\u015flam\u0131\u015f, bu d\u00fc\u015f\u00fcncenin yerini i\u015f\u00e7inin belli \u00e7er\u00e7evede korunmas\u0131 alm\u0131\u015ft\u0131r. \u0130\u015f akdi feshedilen i\u015f\u00e7i i\u015fini kaybetti\u011finde, ekonomik darl\u0131\u011fa d\u00fc\u015fece\u011finden evini ge\u00e7indirmek ve ailesine bakmakta zorlanacakt\u0131r. \u0130\u015fveren ise ayn\u0131 durumda sadece yeni, nitelikli i\u015f\u00e7i bulma g\u00fc\u00e7l\u00fc\u011f\u00fc \u00e7ekecektir. Bundan dolay\u0131 ilk olarak i\u015f\u00e7inin fesih kar\u015f\u0131s\u0131nda korunmas\u0131 gerekmektedir.<\/p>\n<p style=\"text-align: justify;\">\u0130\u015f s\u00f6zle\u015fmesi \u00f6l\u00fcm, taraflar\u0131n anla\u015fmas\u0131, belirli s\u00fcrenin dolmas\u0131 ve fesih yoluyla sona erdirilir. Fesih yoluyla sona ermede feshin hakl\u0131, haks\u0131z, ge\u00e7erli ve ge\u00e7ersiz olmas\u0131 i\u015f hukuku davalar\u0131 a\u00e7\u0131s\u0131ndan b\u00fcy\u00fck \u00f6nem ta\u015f\u0131maktad\u0131r. Ger\u00e7ekle\u015fen feshin sebeplerine g\u00f6re i\u015f\u00e7inin alaca\u011f\u0131 tazminatlar k\u0131dem ve ihbar tazminat\u0131 ba\u015fta olmak \u00fczere; fazla \u00e7al\u0131\u015fma \u00fccreti, \u00fccret alaca\u011f\u0131, ulusal bayram ve genel tatil \u00fccreti alaca\u011f\u0131, y\u0131ll\u0131k izin, hafta tatili \u00fccreti, prim alaca\u011f\u0131, toplu i\u015f s\u00f6zle\u015fmesinden kaynaklanan alacaklar, asgari ge\u00e7im indirimi ve benzeri alacaklard\u0131r. Alkan &amp; Karakurt Hukuk B\u00fcrosu \u0130\u015f Hukuku Avukatlar\u0131 olarak i\u015f\u00e7i vekilli\u011finin yan\u0131 s\u0131ra i\u015fveren vekilli\u011fi ve i\u015f hukuku alan\u0131nda \u015firket dan\u0131\u015fmanl\u0131\u011f\u0131 da yapmaktay\u0131z. Ayr\u0131ca kurucu Avukatlar\u0131m\u0131zdan Bar\u0131\u015f Karakurt\u2019un \u201c \u0130\u015f S\u00f6zle\u015fmesinin Fesih Hakk\u0131n\u0131n S\u0131n\u0131rland\u0131r\u0131lmas\u0131\u201d adl\u0131 akademik \u00e7al\u0131\u015fmas\u0131 2020 y\u0131l\u0131n\u0131n Ekim ay\u0131nda Se\u00e7kin Yay\u0131nevi taraf\u0131ndan kitap olarak bas\u0131larak yay\u0131mlanm\u0131\u015ft\u0131r.<\/p>\n<p>&nbsp;<\/p>\n<p><img loading=\"lazy\" decoding=\"async\" class=\"alignnone wp-image-26\" src=\"https:\/\/iscihaklarim.com\/wp-content\/uploads\/2021\/06\/foto1-300x156.jpg\" alt=\"\" width=\"727\" height=\"378\" srcset=\"https:\/\/iscihaklarim.com\/wp-content\/uploads\/2021\/06\/foto1-300x156.jpg 300w, https:\/\/iscihaklarim.com\/wp-content\/uploads\/2021\/06\/foto1.jpg 616w\" sizes=\"auto, (max-width: 727px) 100vw, 727px\" \/><\/p>\n<p>&nbsp;<\/p>\n<p style=\"text-align: justify;\"><b>\u0130\u015fe \u0130ade Davalar\u0131nda \u0130\u015f Hukuku Avukat\u0131<\/b><\/p>\n<p style=\"text-align: justify;\">\u0130\u015f\u00e7i, i\u015f g\u00fcvencesi \u015fartlar\u0131n\u0131 ta\u015f\u0131yorsa iste\u011fi do\u011frultusunda i\u015fe iade davas\u0131 da a\u00e7\u0131labilir. \u0130\u015fe iade davas\u0131, i\u015fverenin i\u015f\u00e7iyi ge\u00e7erli bir nedene dayanmadan i\u015f s\u00f6zle\u015fmesini feshettikten sonra, i\u015f\u00e7inin i\u015fe geri d\u00f6nmek i\u00e7in ba\u015fvurdu\u011fu yoldur. \u0130\u015fe iade davas\u0131 i\u015f\u00e7iye i\u015f g\u00fcvencesi imkan\u0131 veren ve bo\u015fta kald\u0131\u011f\u0131 s\u00fcredeki maddi zararlar\u0131n\u0131 tazmin etmesini ama\u00e7layan dava t\u00fcr\u00fcd\u00fcr. \u0130\u015f\u00e7i, i\u015fe iade davas\u0131 a\u00e7abilmesi i\u00e7in \u00f6ncelikle dava \u015fart\u0131 olan arabulucuya ba\u015fvuru \u015fart\u0131n\u0131 yerine getirmelidir. 7036 say\u0131l\u0131 \u0130\u015f Mahkemeleri Kanunu\u2019ndan \u00f6nce ihtiyari olarak ba\u015fvurulan arabuluculuk m\u00fcessesesi, kanunun y\u00fcr\u00fcrl\u00fc\u011fe girmesiyle birlikte dava \u015fart\u0131 olarak hukukumuza girmi\u015ftir. \u0130\u015f s\u00f6zle\u015fmesi sona erdirilen i\u015f\u00e7i, hakl\u0131 bir sebep olmadan i\u015f s\u00f6zle\u015fmesi sona erdirildi\u011fi iddias\u0131yla i\u015fe iade davas\u0131 a\u00e7mak istedi\u011finde, i\u015f s\u00f6zle\u015fmesinin feshedildi\u011fi kendisine tebli\u011f edildi\u011fi tarihten ba\u015flayarak bir ay i\u00e7erisinde dava \u015fart\u0131 olan arabulucu yoluna ba\u015fvuru yapmal\u0131d\u0131r. Arabuluculuk a\u015famas\u0131nda anla\u015fma sa\u011flanamazsa, tecr\u00fcbeli i\u015f hukuku avukatlar\u0131m\u0131z ile i\u015f davas\u0131 a\u00e7\u0131labilir.<\/p>\n<p style=\"text-align: justify;\">\u0130\u015f\u00e7ilik Alacaklar\u0131nda \u0130\u015f Hukuku Avukat\u0131 \u0130\u015f\u00e7inin i\u015f s\u00f6zle\u015fmesinin t\u00fcr\u00fcne ve fesih nedenine g\u00f6re dava \u015fart\u0131 olan arabulucuya ba\u015fvuru \u015fart\u0131 yerine getirildikten sonra tecr\u00fcbeli i\u015f hukuku avukatlar\u0131m\u0131z arac\u0131l\u0131\u011f\u0131yla talep edilebilecek ba\u015fl\u0131ca i\u015f\u00e7i alacaklar\u0131 ise;<\/p>\n<p>&nbsp;<\/p>\n<p style=\"text-align: justify;\"><b>1. K\u0131dem Tazminat\u0131<\/b><\/p>\n<p style=\"text-align: justify;\">\u0130\u015f\u00e7inin, i\u015f s\u00f6zle\u015fmesinin 4857 say\u0131l\u0131 \u0130\u015f Kanunu\u2019nda say\u0131lan nedenlerden biriyle son bulmas\u0131 halinde alabilece\u011fi tazminatt\u0131r. Bunun i\u00e7in; 4857 say\u0131l\u0131 \u0130\u015f Kanunu\u2019na tabi i\u015f\u00e7i olmak, En az bir y\u0131l \u00e7al\u0131\u015fm\u0131\u015f olmak, \u0130\u015f s\u00f6zle\u015fmesinin i\u015f kanununda belirtilen nedenlerden birisi ile sonland\u0131r\u0131lmas\u0131 gerekir.<\/p>\n<p style=\"text-align: justify;\"><b>2. \u0130hbar Tazminat\u0131<\/b><\/p>\n<p style=\"text-align: justify;\">4857 Say\u0131l\u0131 \u0130\u015f Kanunu\u2019nun 17. maddesi uyar\u0131nca, i\u015f s\u00f6zle\u015fmesi feshedilmeden \u00f6nce kar\u015f\u0131 tarafa yaz\u0131l\u0131 olarak bildirim gereklidir. Bildirim s\u00fcresi; 6 aya kadar s\u00fcren \u00e7al\u0131\u015fmalarda 2 hafta, 6 aydan 1,5 y\u0131la kadar s\u00fcren \u00e7al\u0131\u015fmalarda 4 hafta, 1,5 y\u0131ldan 3 y\u0131la kadar s\u00fcren \u00e7al\u0131\u015fmalarda 6 hafta, 3 y\u0131ldan uzun s\u00fcren \u00e7al\u0131\u015fmalarda 8 haftad\u0131r. \u0130\u015f s\u00f6zle\u015fmesinin; i\u015f\u00e7i taraf\u0131ndan feshedilmesi haliyle i\u015fveren taraf\u0131ndan i\u015f\u00e7inin deneme s\u00fcresi i\u00e7inde veya hakl\u0131 nedenlerle feshi halinde, ihbar tazminat\u0131 \u00f6denmeyecektir. Bunlar\u0131n d\u0131\u015f\u0131nda ise;<\/p>\n<p>&nbsp;<\/p>\n<p style=\"text-align: justify;\">\u2022 Fazla \u00e7al\u0131\u015fma \u00fccreti alaca\u011f\u0131<br \/>\n\u2022 \u00dccret alaca\u011f\u0131<br \/>\n\u2022 Bakiye \u00dccret Alaca\u011f\u0131<br \/>\n\u2022 Ulusal bayram ve genel tatil \u00fccreti alaca\u011f\u0131<br \/>\n\u2022 Y\u0131ll\u0131k izin \u00fccreti alaca\u011f\u0131<br \/>\n\u2022 Hafta tatili \u00fccreti alaca\u011f\u0131<br \/>\n\u2022 Prim alaca\u011f\u0131<br \/>\n\u2022 Sendikal Tazminat<br \/>\n\u2022 Toplu i\u015f s\u00f6zle\u015fmesinden kaynaklanan alacaklar<br \/>\n\u2022 Asgari ge\u00e7im indirimi<br \/>\n\u2022 \u0130\u015fe iade davas\u0131ndan kaynakl\u0131 i\u015fe ba\u015flatmama tazminat\u0131<br \/>\n\u2022 \u0130\u015fe iade davas\u0131ndan kaynakl\u0131 bo\u015fta ge\u00e7en s\u00fcre \u00fccreti ve benzeri gibi i\u015f\u00e7i alacaklar\u0131n\u0131n<br \/>\ntalebi s\u00f6z konusu oldu\u011funda Tecr\u00fcbeli \u0130\u015f Hukuku Avukatlar\u0131m\u0131z ile ileti\u015fime ge\u00e7ebilirsiniz<\/p>\n<p>&nbsp;<\/p>\n<p style=\"text-align: justify;\">\u0130\u015f ve Sosyal G\u00fcvenlik Hukuku ile \u0130lgili tecr\u00fcbeli i\u015f hukuku avukatlar\u0131m\u0131z\u0131n bakt\u0131\u011f\u0131 davalar ise;<\/p>\n<p>&nbsp;<\/p>\n<p style=\"text-align: justify;\">\u2022 Hizmet Tespiti Davalar\u0131<br \/>\n\u2022 Sigorta Tahsisi Davalar\u0131<br \/>\n\u2022 SGK Prim Alaca\u011f\u0131na \u0130li\u015fkin Davalar<br \/>\n\u2022 \u0130\u015f Kazas\u0131 ve Meslek Hastal\u0131\u011f\u0131na \u0130li\u015fkin Davalar<br \/>\nAyr\u0131nt\u0131l\u0131 bilgi, dan\u0131\u015fmanl\u0131k i\u00e7in internet sitemizde bulunan telefon numaralar\u0131ndan tecr\u00fcbeli i\u015f hukuku avukatlar\u0131m\u0131za ula\u015farak randevu alabilirsiniz.<\/p>\n","protected":false},"excerpt":{"rendered":"<p>\u0130\u015e HUKUKU, \u0130\u015e\u00c7\u0130 ALACAKLARI ve \u0130\u015e\u00c7\u0130 TAZM\u0130NATLARI G\u00fcn\u00fcm\u00fczde i\u015f hukuku, s\u00f6zle\u015fmenin taraflar\u0131n\u0131 fesih bildiriminden faydalanmada e\u015fit g\u00f6ren d\u00fc\u015f\u00fcnceyi terk etmeye ba\u015flam\u0131\u015f, bu d\u00fc\u015f\u00fcncenin yerini i\u015f\u00e7inin belli \u00e7er\u00e7evede korunmas\u0131 alm\u0131\u015ft\u0131r. \u0130\u015f akdi feshedilen i\u015f\u00e7i i\u015fini kaybetti\u011finde, ekonomik darl\u0131\u011fa d\u00fc\u015fece\u011finden evini ge\u00e7indirmek ve ailesine bakmakta zorlanacakt\u0131r. \u0130\u015fveren ise ayn\u0131 durumda sadece yeni, nitelikli i\u015f\u00e7i bulma g\u00fc\u00e7l\u00fc\u011f\u00fc \u00e7ekecektir. [&hellip;]<\/p>\n","protected":false},"author":1,"featured_media":0,"parent":0,"menu_order":0,"comment_status":"closed","ping_status":"closed","template":"","meta":{"spay_email":"","footnotes":""},"class_list":["post-74","page","type-page","status-publish","hentry"],"_links":{"self":[{"href":"https:\/\/iscihaklarim.com\/index.php\/wp-json\/wp\/v2\/pages\/74","targetHints":{"allow":["GET"]}}],"collection":[{"href":"https:\/\/iscihaklarim.com\/index.php\/wp-json\/wp\/v2\/pages"}],"about":[{"href":"https:\/\/iscihaklarim.com\/index.php\/wp-json\/wp\/v2\/types\/page"}],"author":[{"embeddable":true,"href":"https:\/\/iscihaklarim.com\/index.php\/wp-json\/wp\/v2\/users\/1"}],"replies":[{"embeddable":true,"href":"https:\/\/iscihaklarim.com\/index.php\/wp-json\/wp\/v2\/comments?post=74"}],"version-history":[{"count":5,"href":"https:\/\/iscihaklarim.com\/index.php\/wp-json\/wp\/v2\/pages\/74\/revisions"}],"predecessor-version":[{"id":90,"href":"https:\/\/iscihaklarim.com\/index.php\/wp-json\/wp\/v2\/pages\/74\/revisions\/90"}],"wp:attachment":[{"href":"https:\/\/iscihaklarim.com\/index.php\/wp-json\/wp\/v2\/media?parent=74"}],"curies":[{"name":"wp","href":"https:\/\/api.w.org\/{rel}","templated":true}]}}