{"id":20,"date":"2021-06-24T13:45:15","date_gmt":"2021-06-24T10:45:15","guid":{"rendered":"http:\/\/iscihaklarim.com\/?page_id=20"},"modified":"2021-06-27T21:46:41","modified_gmt":"2021-06-27T18:46:41","slug":"hakkimizda","status":"publish","type":"page","link":"https:\/\/iscihaklarim.com\/index.php\/hakkimizda\/","title":{"rendered":"Hakk\u0131m\u0131zda"},"content":{"rendered":"\r\n<p style=\"text-align: justify;\">Merkezi \u0130stanbul \u00c7a\u011flayanda, \u015fubeleri ise \u00c7ukurambar\/Ankara ve Bayrakl\u0131\/\u0130zmirde faaliyet g\u00f6steren \u0130\u015f\u00e7i Haklar\u0131 Ofisi bu alanda uzmanla\u015fm\u0131\u015ft\u0131r. Bireylere ve kurumlara \u00f6zel hukuki dan\u0131\u015fmanl\u0131k vermekle birlikte ba\u015fta i\u015f hukuku ile ilgili b\u00fct\u00fcn uyu\u015fmazl\u0131klar olmak \u00fczere aile ve bo\u015fanma hukuku, bili\u015fim hukuku, ceza hukuku, gayrimenkul hukuku, fikri ve s\u0131nai haklar hukuku, \u015firketler hukuku ve yabanc\u0131lar hukukuna kadar bir\u00e7ok alanda <strong>\u00a0TECR\u00dcBEL\u0130\u00a0<\/strong>kadrosuyla yerli ve yabanc\u0131 m\u00fcvekkillerine uzun y\u0131llard\u0131r nitelikli avukatl\u0131k hizmeti sa\u011flamaya devam etmektedir.<\/p>\r\n","protected":false},"excerpt":{"rendered":"<p>Merkezi \u0130stanbul \u00c7a\u011flayanda, \u015fubeleri ise \u00c7ukurambar\/Ankara ve Bayrakl\u0131\/\u0130zmirde faaliyet g\u00f6steren \u0130\u015f\u00e7i Haklar\u0131 Ofisi bu alanda uzmanla\u015fm\u0131\u015ft\u0131r. Bireylere ve kurumlara \u00f6zel hukuki dan\u0131\u015fmanl\u0131k vermekle birlikte ba\u015fta i\u015f hukuku ile ilgili b\u00fct\u00fcn uyu\u015fmazl\u0131klar olmak \u00fczere aile ve bo\u015fanma hukuku, bili\u015fim hukuku, ceza hukuku, gayrimenkul hukuku, fikri ve s\u0131nai haklar hukuku, \u015firketler hukuku ve yabanc\u0131lar hukukuna kadar bir\u00e7ok [&hellip;]<\/p>\n","protected":false},"author":1,"featured_media":0,"parent":0,"menu_order":0,"comment_status":"closed","ping_status":"closed","template":"","meta":{"spay_email":"","footnotes":""},"class_list":["post-20","page","type-page","status-publish","hentry"],"_links":{"self":[{"href":"https:\/\/iscihaklarim.com\/index.php\/wp-json\/wp\/v2\/pages\/20","targetHints":{"allow":["GET"]}}],"collection":[{"href":"https:\/\/iscihaklarim.com\/index.php\/wp-json\/wp\/v2\/pages"}],"about":[{"href":"https:\/\/iscihaklarim.com\/index.php\/wp-json\/wp\/v2\/types\/page"}],"author":[{"embeddable":true,"href":"https:\/\/iscihaklarim.com\/index.php\/wp-json\/wp\/v2\/users\/1"}],"replies":[{"embeddable":true,"href":"https:\/\/iscihaklarim.com\/index.php\/wp-json\/wp\/v2\/comments?post=20"}],"version-history":[{"count":5,"href":"https:\/\/iscihaklarim.com\/index.php\/wp-json\/wp\/v2\/pages\/20\/revisions"}],"predecessor-version":[{"id":92,"href":"https:\/\/iscihaklarim.com\/index.php\/wp-json\/wp\/v2\/pages\/20\/revisions\/92"}],"wp:attachment":[{"href":"https:\/\/iscihaklarim.com\/index.php\/wp-json\/wp\/v2\/media?parent=20"}],"curies":[{"name":"wp","href":"https:\/\/api.w.org\/{rel}","templated":true}]}}