{"id":2,"date":"2021-06-24T13:24:42","date_gmt":"2021-06-24T10:24:42","guid":{"rendered":"http:\/\/iscihaklarim.com\/?page_id=2"},"modified":"2021-06-27T21:44:41","modified_gmt":"2021-06-27T18:44:41","slug":"ornek-sayfa","status":"publish","type":"page","link":"https:\/\/iscihaklarim.com\/index.php\/ornek-sayfa\/","title":{"rendered":"\u0130leti\u015fim"},"content":{"rendered":"\r\n<p>GSM : 0552 821 17 17<\/p>\r\n\r\n\r\n\r\n<p>E-mail : iscihaklariofisi@gmail.com<\/p>\r\n\r\n\r\n\r\n<p>Adres &#8211; \u0130stanbul : K\u00e2\u011f\u0131thane\/\u0130stanbul<\/p>\r\n\r\n\r\n\r\n<p>Adres &#8211; Ankara : \u00c7ukurambar\/Ankara<\/p>\r\n<p>Adres &#8211; \u0130zmir\u00a0 \u00a0: Bayrakl\u0131\/\u0130zmir<\/p>\r\n","protected":false},"excerpt":{"rendered":"<p>GSM : 0552 821 17 17 E-mail : iscihaklariofisi@gmail.com Adres &#8211; \u0130stanbul : K\u00e2\u011f\u0131thane\/\u0130stanbul Adres &#8211; Ankara : \u00c7ukurambar\/Ankara Adres &#8211; \u0130zmir\u00a0 \u00a0: Bayrakl\u0131\/\u0130zmir<\/p>\n","protected":false},"author":1,"featured_media":0,"parent":0,"menu_order":0,"comment_status":"closed","ping_status":"open","template":"","meta":{"spay_email":"","footnotes":""},"class_list":["post-2","page","type-page","status-publish","hentry"],"_links":{"self":[{"href":"https:\/\/iscihaklarim.com\/index.php\/wp-json\/wp\/v2\/pages\/2","targetHints":{"allow":["GET"]}}],"collection":[{"href":"https:\/\/iscihaklarim.com\/index.php\/wp-json\/wp\/v2\/pages"}],"about":[{"href":"https:\/\/iscihaklarim.com\/index.php\/wp-json\/wp\/v2\/types\/page"}],"author":[{"embeddable":true,"href":"https:\/\/iscihaklarim.com\/index.php\/wp-json\/wp\/v2\/users\/1"}],"replies":[{"embeddable":true,"href":"https:\/\/iscihaklarim.com\/index.php\/wp-json\/wp\/v2\/comments?post=2"}],"version-history":[{"count":6,"href":"https:\/\/iscihaklarim.com\/index.php\/wp-json\/wp\/v2\/pages\/2\/revisions"}],"predecessor-version":[{"id":91,"href":"https:\/\/iscihaklarim.com\/index.php\/wp-json\/wp\/v2\/pages\/2\/revisions\/91"}],"wp:attachment":[{"href":"https:\/\/iscihaklarim.com\/index.php\/wp-json\/wp\/v2\/media?parent=2"}],"curies":[{"name":"wp","href":"https:\/\/api.w.org\/{rel}","templated":true}]}}